{"id":299,"date":"2020-12-06T21:38:27","date_gmt":"2020-12-06T21:38:27","guid":{"rendered":"http:\/\/www.batcrabere.com\/?page_id=299"},"modified":"2020-12-19T22:24:48","modified_gmt":"2020-12-19T22:24:48","slug":"competences","status":"publish","type":"page","link":"https:\/\/batcrabere.com\/WordPress\/competences\/","title":{"rendered":"Comp\u00e9tences"},"content":{"rendered":"\n<h2 class=\"wp-block-heading\">Comp\u00e9tences logicielles<\/h2>\n\n\n\n<p>Pour mon activit\u00e9, j&rsquo;utilise quotidiennement les logiciels de l&rsquo;\u00e9diteur SAP. Autant pour la partie \u00ab\u00a0classique\u00a0\u00bb dite ECC6 qui permet une gestion centrale du syst\u00e8me d&rsquo;information d&rsquo;une entreprise notamment via le module de la gestion des articles. Une utilisation courante \u00e9galement des diff\u00e9rentes interfaces web via les portails ou les syst\u00e8mes comme SRM. Pour g\u00e9rer tout cela, le recours au Workflow, \u00e0 l&rsquo;ABAP, ITS, Webdynpro sont n\u00e9cessaires. De plus, j&rsquo;ai une tr\u00e8s bonne connaissance des diff\u00e9rents flux fonctionnels de SAP SRM (Gestion de la relation avec les fournisseurs) pour la version 5 ou 7, le module MM et de leurs int\u00e9grations dans le paysage syst\u00e8me des clients.<\/p>\n\n\n\n<p>R\u00e9cemment, nous avons lanc\u00e9 le projet de passage \u00e0 la nouvelle version de l&rsquo;ERP de SAP  : <strong>S\/4Hana. <\/strong>Ce changement peut \u00eatre un projet technique  ou un projet de transformation d&rsquo;entreprise. Dans ce dernier cas, c&rsquo;est un v\u00e9ritable \u00ab\u00a0challenge\u00a0\u00bb pour toute l&rsquo;\u00e9quipe de faire de ce projet un v\u00e9ritable succ\u00e8s pour harmoniser les processus, organiser un meilleur respect du standard SAP et rationaliser la gestion des donn\u00e9es.<\/p>\n\n\n\n<p>En parall\u00e8le de ceci, le d\u00e9veloppement de logiciels ou de site internet devient de plus en plus complexe en fonction de la technologie utilis\u00e9e (HTML, PHP, ASP&#8230;) et des fonctionnalit\u00e9s \u00e0 cr\u00e9er. Gr\u00e2ce aux langages utilis\u00e9s tels que Ada, C, C++, Java, HTML, PHP, Javascript et des m\u00e9thodes d&rsquo;analyse comme Merise ou UML me permettent de pouvoir d\u00e9velopper des programmes ou des sites internet. De plus, de nombreux logiciels viennent compl\u00e9ter ces comp\u00e9tences pour permettent un meilleur r\u00e9sultat tels que Photoshop, Dreamweaver, Flash&#8230;.<\/p>\n\n\n\n<h2 class=\"wp-block-heading\">La gestion de projet<\/h2>\n\n\n\n<p>Pour la gestion de projet, j&rsquo;utilise de mani\u00e8re quotidienne la suite Office de Microsoft ( Word, Excel, Powerpoint&#8230;) ainsi que Microsoft Projet ou Open Workbench pour planifier et g\u00e9rer au mieux les imp\u00e9ratifs de respects de la qualit\u00e9, des d\u00e9lais, des charges et la satisfaction client&#8230;<\/p>\n\n\n\n<p>A la Miage, l&rsquo;apprentissage des nouvelles technologies se compl\u00e8te par des mati\u00e8res de gestion tels que la comptabilit\u00e9, le droit fiscal, le droit de l&rsquo;internet, la gestion de projet&#8230; Les notions de gestion dans le domaine de l&rsquo;informatique peuvent se r\u00e9v\u00e9ler tr\u00e8s int\u00e9ressantes. Par exemple cela me permet d&rsquo;\u00eatre en r\u00e8gle lorsque je r\u00e9alise un site internet ou encore de r\u00e9aliser des logiciels de gestion pour des clients. Avec l&rsquo;obtention du Master Professionnel que j&rsquo;ai suivi pendant deux ans, j&rsquo;ai renforc\u00e9 mes comp\u00e9tences dans ce domaine.<\/p>\n\n\n\n<h2 class=\"wp-block-heading\">Le relationnel<\/h2>\n\n\n\n<p>Dans le domaine de l&rsquo;informatique, la relation professionnelle-client est omnipr\u00e9sente. L&rsquo;activit\u00e9 de conseil est donc pr\u00e9pond\u00e9rante, c&rsquo;est le client qui d\u00e9cide les fonctionnalit\u00e9s \u00e0 d\u00e9velopper et qui expriment ses besoins. Gr\u00e2ce aux conseils donn\u00e9s depuis plusieurs ann\u00e9es professionnellement et personnellement, dans un certains nombres de situation, j&rsquo;ai r\u00e9ussi \u00e0 apporter des solutions concr\u00e8tes et \u00e0 conseiller sur des solutions \u00e0 privil\u00e9gier.<\/p>\n\n\n\n<h2 class=\"wp-block-heading\">Comp\u00e9tences mat\u00e9rielles<\/h2>\n\n\n\n<p>Dans le monde de l&rsquo;informatique, une des grandes sp\u00e9cialit\u00e9s est le hardware, en fran\u00e7ais : le mat\u00e9riel. Cela correspond \u00e0 toute la partie physique et \u00e9lectronique qui forme les ordinateurs. La conception d&rsquo;une machine comprend \u00e9galement la ma\u00eetrise de tout ce qui comprend formatage, installation du syst\u00e8me d&rsquo;exploitation, des drivers et des logiciels de s\u00e9curit\u00e9 ( Antivirus, pare feu, anti-spyware&#8230; ). D&rsquo;abord dans le cadre familial puis dans le cadre de stages, j&rsquo;ai \u00e9t\u00e9 amen\u00e9 \u00e0 choisir les pi\u00e8ces, \u00e0 les assembler afin de r\u00e9aliser des PC. Le choix des pi\u00e8ces a \u00e9t\u00e9 fait en fonction de l&rsquo;utilisation dite \u00ab\u00a0normale\u00a0\u00bb du PC, elle a \u00e9t\u00e9 d\u00e9finit en accord avec les principaux utilisateurs. La mise en place de r\u00e9seaux locaux et la configuration des acc\u00e8s \u00e0 Internet ont \u00e9galement \u00e9t\u00e9 effectu\u00e9es \u00e0 de nombreuses reprises. Par exemple, pour des installations, le client et moi avons eu recours \u00e0 des hub, switchs et routeurs mais aussi aux normes Wifi, CPL&#8230;<\/p>\n","protected":false},"excerpt":{"rendered":"<p>Comp\u00e9tences logicielles Pour mon activit\u00e9, j&rsquo;utilise quotidiennement les logiciels de l&rsquo;\u00e9diteur SAP. Autant pour la partie \u00ab\u00a0classique\u00a0\u00bb dite ECC6 qui permet une gestion centrale du syst\u00e8me d&rsquo;information d&rsquo;une entreprise notamment via le module de la gestion des articles. Une utilisation courante \u00e9galement des diff\u00e9rentes&#8230;<\/p>\n","protected":false},"author":1,"featured_media":0,"parent":0,"menu_order":0,"comment_status":"closed","ping_status":"closed","template":"","meta":{"footnotes":""},"class_list":["post-299","page","type-page","status-publish","hentry"],"jetpack_sharing_enabled":true,"jetpack_shortlink":"https:\/\/wp.me\/Ph0efY-4P","_links":{"self":[{"href":"https:\/\/batcrabere.com\/WordPress\/wp-json\/wp\/v2\/pages\/299","targetHints":{"allow":["GET"]}}],"collection":[{"href":"https:\/\/batcrabere.com\/WordPress\/wp-json\/wp\/v2\/pages"}],"about":[{"href":"https:\/\/batcrabere.com\/WordPress\/wp-json\/wp\/v2\/types\/page"}],"author":[{"embeddable":true,"href":"https:\/\/batcrabere.com\/WordPress\/wp-json\/wp\/v2\/users\/1"}],"replies":[{"embeddable":true,"href":"https:\/\/batcrabere.com\/WordPress\/wp-json\/wp\/v2\/comments?post=299"}],"version-history":[{"count":6,"href":"https:\/\/batcrabere.com\/WordPress\/wp-json\/wp\/v2\/pages\/299\/revisions"}],"predecessor-version":[{"id":386,"href":"https:\/\/batcrabere.com\/WordPress\/wp-json\/wp\/v2\/pages\/299\/revisions\/386"}],"wp:attachment":[{"href":"https:\/\/batcrabere.com\/WordPress\/wp-json\/wp\/v2\/media?parent=299"}],"curies":[{"name":"wp","href":"https:\/\/api.w.org\/{rel}","templated":true}]}}